{"id":134,"date":"2025-09-09T12:18:12","date_gmt":"2025-09-09T12:18:12","guid":{"rendered":"https:\/\/entrevista2.es\/?page_id=134"},"modified":"2025-09-09T15:23:19","modified_gmt":"2025-09-09T15:23:19","slug":"politica-de-cookies","status":"publish","type":"page","link":"https:\/\/entrevista2.es\/index.php\/politica-de-cookies\/","title":{"rendered":"Pol\u00edtica de Cookies"},"content":{"rendered":"<p>[et_pb_section fb_built=\u00bb1&#8243; _builder_version=\u00bb4.27.0&#8243; _module_preset=\u00bbdefault\u00bb background_color=\u00bb#f7f7f7&#8243; custom_padding=\u00bb12px||5px|||\u00bb locked=\u00bboff\u00bb global_colors_info=\u00bb{}\u00bb][et_pb_row _builder_version=\u00bb4.25.2&#8243; _module_preset=\u00bbdefault\u00bb custom_padding=\u00bb7px||14px|||\u00bb global_colors_info=\u00bb{}\u00bb][et_pb_column type=\u00bb4_4&#8243; _builder_version=\u00bb4.25.2&#8243; _module_preset=\u00bbdefault\u00bb global_colors_info=\u00bb{}\u00bb][et_pb_code _builder_version=\u00bb4.27.4&#8243; _module_preset=\u00bbdefault\u00bb custom_margin=\u00bb-20px||-10px||false|false\u00bb custom_padding=\u00bb0px||||false|false\u00bb global_colors_info=\u00bb{}\u00bb]<\/p>\n<aside class=\"banner-publicidad\" role=\"complementary\" style=\"margin: 20px 0; text-align: center;\"><!-- [et_pb_line_break_holder] -->  <pee style=\"font-size: 12px; font-family: 'Montserrat', sans-serif; font-weight: 400; color: #bfbfbf;\"><!-- [et_pb_line_break_holder] -->    \u2013 Publicidad \u2013<!-- [et_pb_line_break_holder] -->  <\/pee><!-- [et_pb_line_break_holder] -->  <span style=\"font-weight: bold; color: #f00;\">\u00a1Error, el grupo no existe! \u00a1Comprueba la sintaxis! (ID: 1)<\/span><!-- [et_pb_line_break_holder] --><\/aside>\n<p>[\/et_pb_code][\/et_pb_column][\/et_pb_row][\/et_pb_section][et_pb_section fb_built=\u00bb1&#8243; _builder_version=\u00bb4.27.0&#8243; _module_preset=\u00bbdefault\u00bb custom_padding=\u00bb12px||1px|||\u00bb locked=\u00bboff\u00bb global_colors_info=\u00bb{}\u00bb][et_pb_row _builder_version=\u00bb4.27.0&#8243; _module_preset=\u00bbdefault\u00bb custom_padding=\u00bb||31px|||\u00bb global_colors_info=\u00bb{}\u00bb][et_pb_column type=\u00bb4_4&#8243; _builder_version=\u00bb4.27.0&#8243; _module_preset=\u00bbdefault\u00bb global_colors_info=\u00bb{}\u00bb][et_pb_text _builder_version=\u00bb4.27.4&#8243; _module_preset=\u00bb_initial\u00bb text_font=\u00bbComfortaa|300|||||||\u00bb text_font_size=\u00bb35px\u00bb header_3_font=\u00bbSpecial Elite||||||||\u00bb header_3_font_size=\u00bb20px\u00bb custom_margin=\u00bb||3px|||\u00bb custom_padding=\u00bb1px|||||\u00bb global_colors_info=\u00bb{}\u00bb]<\/p>\n<h3 style=\"text-align: center;\"><span style=\"color: rgba(46, 176, 179, 0.59);\"><strong>entrevista2<\/strong><\/span><\/h3>\n<p>[\/et_pb_text][et_pb_text _builder_version=\u00bb4.27.4&#8243; _module_preset=\u00bb_initial\u00bb header_font=\u00bbMontserrat|700|||||||\u00bb header_text_align=\u00bbcenter\u00bb header_text_color=\u00bb#435a7c\u00bb header_font_size=\u00bb38px\u00bb header_line_height=\u00bb1.2em\u00bb custom_margin=\u00bb3px||14px|||\u00bb custom_padding=\u00bb||3px|||\u00bb hover_enabled=\u00bb0&#8243; global_colors_info=\u00bb{}\u00bb sticky_enabled=\u00bb0&#8243;]<\/p>\n<h1 style=\"text-align: center;\">Pol\u00edtica de cookies<\/h1>\n<p>[\/et_pb_text][et_pb_text _builder_version=\u00bb4.27.4&#8243; _module_preset=\u00bb_initial\u00bb text_font=\u00bbInter|300|||||||\u00bb text_text_color=\u00bb#4f4f4f\u00bb text_font_size=\u00bb19px\u00bb text_line_height=\u00bb1.6em\u00bb header_2_font=\u00bbInter||||||||\u00bb header_2_text_color=\u00bb#2eb0b3&#8243; header_2_font_size=\u00bb28px\u00bb header_2_line_height=\u00bb1.2em\u00bb header_3_font=\u00bbInter|300|||||||\u00bb header_3_text_color=\u00bb#2eb0b3&#8243; header_3_font_size=\u00bb25px\u00bb header_3_line_height=\u00bb1.2em\u00bb custom_margin=\u00bb1px||6px|||\u00bb custom_padding=\u00bb||3px|||\u00bb header_2_font_size_tablet=\u00bb28px\u00bb header_2_font_size_phone=\u00bb26px\u00bb header_2_font_size_last_edited=\u00bbon|phone\u00bb locked=\u00bboff\u00bb global_colors_info=\u00bb{}\u00bb]<\/p>\n<p data-start=\"712\" data-end=\"976\">\n<p data-start=\"712\" data-end=\"976\">En cumplimiento de lo dispuesto en el art\u00edculo 22.2 de la Ley 34\/2002, de Servicios de la Sociedad de la Informaci\u00f3n y de Comercio Electr\u00f3nico (LSSI-CE), y de acuerdo con el Reglamento (UE) 2016\/679 (RGPD), informamos a los usuarios sobre la utilizaci\u00f3n de cookies en el sitio web <strong data-start=\"543\" data-end=\"565\"><a data-start=\"545\" data-end=\"563\" rel=\"noopener\" target=\"_new\" class=\"decorated-link\" href=\"http:\/\/www.entrevista2.es\">entrevista2.es<\/a><\/strong><br \/><span style=\"color: #ffffff;\">.<\/span><\/p>\n<h3><span style=\"color: #2eb0b3;\"><span style=\"color: #2eb0b3; font-size: 28px;\">\u00bfQu\u00e9 son las cookies?<\/span><\/span><\/h3>\n<p data-start=\"1335\" data-end=\"1599\">Las cookies son peque\u00f1os archivos de texto que se descargan en el dispositivo del usuario al acceder a determinadas p\u00e1ginas web. Permiten, entre otras cosas, almacenar y recuperar informaci\u00f3n sobre los h\u00e1bitos de navegaci\u00f3n y, en algunos casos, reconocer al usuario.<br \/><span style=\"color: #ffffff;\">.<\/span><\/p>\n<h3><span style=\"color: #2eb0b3;\"><span style=\"color: #2eb0b3; font-size: 28px;\">Tipos de cookies utilizadas en entrevista2.es<\/span><\/span><\/h3>\n<p data-start=\"937\" data-end=\"988\">En este portal utilizamos las siguientes cookies:<\/p>\n<p data-start=\"992\" data-end=\"1136\"><strong data-start=\"992\" data-end=\"1012\">Cookies t\u00e9cnicas<\/strong>: necesarias para el correcto funcionamiento del sitio web, la navegaci\u00f3n y el uso de sus diferentes opciones o servicios.<\/p>\n<p data-start=\"1139\" data-end=\"1317\"><strong data-start=\"1139\" data-end=\"1169\">Cookies de personalizaci\u00f3n<\/strong>: permiten recordar informaci\u00f3n para que el usuario acceda al servicio con determinadas caracter\u00edsticas (por ejemplo, idioma o tipo de navegador).<\/p>\n<p data-start=\"1320\" data-end=\"1508\"><strong data-start=\"1320\" data-end=\"1343\">Cookies de an\u00e1lisis<\/strong>: nos ayudan a cuantificar el n\u00famero de usuarios y realizar mediciones estad\u00edsticas de la utilizaci\u00f3n del sitio web, con el fin de mejorar la oferta de contenidos.<\/p>\n<p data-start=\"1511\" data-end=\"1628\"><strong data-start=\"1511\" data-end=\"1536\">Cookies publicitarias<\/strong>: gestionan de forma eficaz los espacios publicitarios que se puedan incluir en el portal.<\/p>\n<p data-start=\"1631\" data-end=\"1836\"><strong data-start=\"1631\" data-end=\"1671\">Cookies de publicidad comportamental<\/strong>: almacenan informaci\u00f3n del comportamiento del usuario obtenida a trav\u00e9s de su navegaci\u00f3n, lo que permite desarrollar un perfil y mostrar publicidad personalizada.<\/p>\n<p data-start=\"1335\" data-end=\"1599\"><span style=\"color: #ffffff;\">.<\/span><\/p>\n<h3 data-start=\"1632\" data-end=\"1747\"><span style=\"font-size: 19px;\"><\/span><span style=\"color: #2eb0b3; font-size: 28px;\">Cookies de terceros<\/span><\/h3>\n<p data-start=\"2477\" data-end=\"2526\">Este sitio web puede utilizar servicios de terceros que recopilan informaci\u00f3n con fines estad\u00edsticos, de uso del portal por parte del usuario y para la prestaci\u00f3n de otros servicios relacionados con la actividad del sitio web.<\/p>\n<p data-start=\"2101\" data-end=\"2129\">Entre ellos se encuentran:<\/p>\n<p data-start=\"2132\" data-end=\"2257\"><strong data-start=\"2132\" data-end=\"2152\">Google Analytics<\/strong>: herramienta de an\u00e1lisis de Google que permite conocer c\u00f3mo interact\u00faan los usuarios con el sitio web.<\/p>\n<p data-start=\"2260\" data-end=\"2377\"><strong data-start=\"2260\" data-end=\"2284\">Google AdSense \/ Ads<\/strong>: servicio publicitario de Google que permite mostrar anuncios relevantes y personalizados.<\/p>\n<p data-start=\"2379\" data-end=\"2529\">Estos terceros pueden utilizar cookies para recopilar informaci\u00f3n an\u00f3nima y elaborar informes de tendencias sin identificar a usuarios individuales.<\/p>\n<p data-start=\"1335\" data-end=\"1599\"><span style=\"color: #ffffff;\">.<\/span><\/p>\n<h3><span style=\"color: #2eb0b3;\"><span style=\"color: #2eb0b3; font-size: 28px;\">Gesti\u00f3n y eliminaci\u00f3n de cookies<\/span><\/span><\/h3>\n<p data-start=\"2577\" data-end=\"2723\">El usuario puede permitir, bloquear o eliminar las cookies instaladas en su dispositivo mediante la configuraci\u00f3n de las opciones del navegador:<\/p>\n<p data-start=\"2577\" data-end=\"2723\" style=\"padding-left: 40px;\"><a data-start=\"2727\" data-end=\"2796\" rel=\"noopener\" target=\"_new\" class=\"decorated-link cursor-pointer\" style=\"font-size: 19px;\">Google Chrome<\/a><\/p>\n<p data-start=\"2577\" data-end=\"2723\" style=\"padding-left: 40px;\"><a data-start=\"2801\" data-end=\"2919\" rel=\"noopener\" target=\"_new\" class=\"decorated-link cursor-pointer\" style=\"font-size: 19px;\">Mozilla Firefox<\/a><\/p>\n<p data-start=\"2577\" data-end=\"2723\" style=\"padding-left: 40px;\"><a data-start=\"2924\" data-end=\"3020\" rel=\"noopener\" target=\"_new\" class=\"decorated-link cursor-pointer\" style=\"font-size: 19px;\">Microsoft Edge<\/a><\/p>\n<p data-start=\"2577\" data-end=\"2723\" style=\"padding-left: 40px;\"><a data-start=\"3025\" data-end=\"3093\" rel=\"noopener\" target=\"_new\" class=\"decorated-link cursor-pointer\" style=\"font-size: 19px;\">Safari<\/a><\/p>\n<p data-start=\"2577\" data-end=\"2723\"><span style=\"font-size: 19px;\">La desactivaci\u00f3n de cookies puede afectar al correcto funcionamiento de la p\u00e1gina web.<\/span><\/p>\n<p data-start=\"2477\" data-end=\"2526\"><span style=\"color: #ffffff;\">.<\/span><\/p>\n<h3><span style=\"color: #2eb0b3;\"><span style=\"color: #2eb0b3; font-size: 28px;\">Aceptaci\u00f3n de la pol\u00edtica de cookies<\/span><\/span><\/h3>\n<p data-start=\"3598\" data-end=\"3899\">Al continuar navegando en <em data-start=\"3263\" data-end=\"3279\">entrevista2.es<\/em>, el usuario acepta de manera expresa la utilizaci\u00f3n de cookies en las condiciones contenidas en la presente Pol\u00edtica.<\/p>\n<p data-start=\"2477\" data-end=\"2526\"><span style=\"color: #ffffff;\">.<\/span><\/p>\n<h3><span style=\"color: #2eb0b3;\"><span style=\"color: #2eb0b3; font-size: 28px;\">Actualizaciones y cambios de pol\u00edtica de cookies<\/span><\/span><\/h3>\n<p data-start=\"3598\" data-end=\"3899\"><em data-start=\"3466\" data-end=\"3479\">entrevista2<\/em> podr\u00e1 modificar esta Pol\u00edtica de Cookies en funci\u00f3n de nuevas exigencias legislativas, reglamentarias o con la finalidad de adaptar dicha pol\u00edtica a las instrucciones dictadas por la Agencia Espa\u00f1ola de Protecci\u00f3n de Datos.<\/p>\n<p data-start=\"3598\" data-end=\"3899\">\n<p data-start=\"3598\" data-end=\"3899\"><em><span style=\"color: #2eb0b3;\">Dos Hermanas, a 9 de septiembre de 2025.<\/span><\/em><\/p>\n<p data-start=\"2616\" data-end=\"2862\" class=\"\">\n<p>[\/et_pb_text][\/et_pb_column][\/et_pb_row][\/et_pb_section]<\/p>\n","protected":false},"excerpt":{"rendered":"<p>\u2013 Publicidad \u2013 <span style=\"font-weight: bold; color: #f00;\">\u00a1Error, el grupo no existe! \u00a1Comprueba la sintaxis! (ID: 1)<\/span>entrevista2Pol\u00edtica de cookies En cumplimiento de lo dispuesto en el art\u00edculo 22.2 de la Ley 34\/2002, de Servicios de la Sociedad de la Informaci\u00f3n y de Comercio Electr\u00f3nico (LSSI-CE), y de acuerdo con el Reglamento (UE) 2016\/679 (RGPD), informamos a los usuarios sobre la utilizaci\u00f3n de cookies en el sitio web [&hellip;]<\/p>\n","protected":false},"author":1,"featured_media":0,"parent":0,"menu_order":0,"comment_status":"closed","ping_status":"closed","template":"","meta":{"_et_pb_use_builder":"on","_et_pb_old_content":"","_et_gb_content_width":"","footnotes":""},"class_list":["post-134","page","type-page","status-publish","hentry"],"_links":{"self":[{"href":"https:\/\/entrevista2.es\/index.php\/wp-json\/wp\/v2\/pages\/134","targetHints":{"allow":["GET"]}}],"collection":[{"href":"https:\/\/entrevista2.es\/index.php\/wp-json\/wp\/v2\/pages"}],"about":[{"href":"https:\/\/entrevista2.es\/index.php\/wp-json\/wp\/v2\/types\/page"}],"author":[{"embeddable":true,"href":"https:\/\/entrevista2.es\/index.php\/wp-json\/wp\/v2\/users\/1"}],"replies":[{"embeddable":true,"href":"https:\/\/entrevista2.es\/index.php\/wp-json\/wp\/v2\/comments?post=134"}],"version-history":[{"count":4,"href":"https:\/\/entrevista2.es\/index.php\/wp-json\/wp\/v2\/pages\/134\/revisions"}],"predecessor-version":[{"id":140,"href":"https:\/\/entrevista2.es\/index.php\/wp-json\/wp\/v2\/pages\/134\/revisions\/140"}],"wp:attachment":[{"href":"https:\/\/entrevista2.es\/index.php\/wp-json\/wp\/v2\/media?parent=134"}],"curies":[{"name":"wp","href":"https:\/\/api.w.org\/{rel}","templated":true}]}}